{"id":1449,"date":"2026-01-19T11:00:16","date_gmt":"2026-01-19T11:00:16","guid":{"rendered":"https:\/\/antiquemarket.ro\/?page_id=1449"},"modified":"2026-03-27T07:14:57","modified_gmt":"2026-03-27T07:14:57","slug":"info-expozanti","status":"publish","type":"page","link":"https:\/\/antiquemarket.ro\/en\/info-expozanti\/","title":{"rendered":"Info-exhibitors"},"content":{"rendered":"<div class=\"wpb-content-wrapper\"><section class=\"vc_section info-panel-wrap\"><div class=\"vc_row wpb_row vc_row-fluid\"><div class=\"wpb_column vc_column_container vc_col-sm-6\"><div class=\"vc_column-inner\"><div class=\"wpb_wrapper\"><div id=\"ultimate-heading-357969dac59330462\" class=\"uvc-heading ult-adjust-bottom-margin ultimate-heading-357969dac59330462 uvc-477  uvc-heading-default-font-sizes\" data-hspacer=\"no_spacer\"  data-halign=\"center\" style=\"text-align:center\"><div class=\"uvc-heading-spacer no_spacer\" style=\"top\"><\/div><div class=\"uvc-sub-heading ult-responsive\"  data-ultimate-target='.uvc-heading.ultimate-heading-357969dac59330462 .uvc-sub-heading '  data-responsive-json-new='{\"font-size\":\"\",\"line-height\":\"\"}'  style=\"font-weight:normal;\">Starting Thursday, June 4, through Sunday, June 7, Pavilion C2 of the Exhibition Center <strong>ROMEXPO<\/strong>&nbsp;becomes the venue for the most anticipated fair dedicated to lovers of decorative art, collectibles, and antiques&nbsp;<strong>Antique Market III<\/strong>.<\/p>\n<p>The event brings together, in an elegant and refined space, an impressive selection of authentic pieces \u2014 from furniture and vintage jewelry to art objects, timepieces, rare books, porcelain, and artifacts of historical significance. The fair unites established antique dealers, specialized galleries, and collectors from across the country in a shared endeavor to celebrate the beauty of objects that tell stories.<\/p>\n<p><strong>Antique Market III<\/strong>&nbsp;is a journey into a timeless world, where cultural value, tradition, and refinement come together in a dialogue with the public. Whether you are a collector, a designer in search of inspiration, or simply a lover of rare objects, the event offers an authentic and memorable experience.<\/p>\n<p>The refined atmosphere, the passionate audience, and the carefully curated selection of exhibits make the event a landmark for admirers of beauty and elegance, as well as an ideal weekend destination in the heart of the capital.<\/div><\/div><\/div><\/div><\/div><div class=\"wpb_column vc_column_container vc_col-sm-6\"><div class=\"vc_column-inner\"><div class=\"wpb_wrapper\">\n\t<div  class=\"wpb_single_image wpb_content_element vc_align_left\">\n\t\t\n\t\t<figure class=\"wpb_wrapper vc_figure\">\n\t\t\t<div class=\"vc_single_image-wrapper   vc_box_border_grey\"><img loading=\"lazy\" decoding=\"async\" width=\"2048\" height=\"1536\" src=\"https:\/\/antiquemarket.ro\/wp-content\/uploads\/2026\/01\/499979621_1115652273922233_6962222579261705019_n.jpg\" class=\"vc_single_image-img attachment-full\" alt=\"\" title=\"499979621_1115652273922233_6962222579261705019_n\" srcset=\"https:\/\/antiquemarket.ro\/wp-content\/uploads\/2026\/01\/499979621_1115652273922233_6962222579261705019_n.jpg 2048w, https:\/\/antiquemarket.ro\/wp-content\/uploads\/2026\/01\/499979621_1115652273922233_6962222579261705019_n-300x225.jpg 300w, https:\/\/antiquemarket.ro\/wp-content\/uploads\/2026\/01\/499979621_1115652273922233_6962222579261705019_n-1024x768.jpg 1024w, https:\/\/antiquemarket.ro\/wp-content\/uploads\/2026\/01\/499979621_1115652273922233_6962222579261705019_n-768x576.jpg 768w, https:\/\/antiquemarket.ro\/wp-content\/uploads\/2026\/01\/499979621_1115652273922233_6962222579261705019_n-1536x1152.jpg 1536w\" sizes=\"auto, (max-width: 2048px) 100vw, 2048px\"  data-dt-location=\"https:\/\/antiquemarket.ro\/en\/499979621_1115652273922233_6962222579261705019_n\/\" \/><\/div>\n\t\t<\/figure>\n\t<\/div>\n<\/div><\/div><\/div><\/div><div class=\"vc_row wpb_row vc_row-fluid\"><div class=\"wpb_column vc_column_container vc_col-sm-6\"><div class=\"vc_column-inner\"><div class=\"wpb_wrapper\">\n\t<div  class=\"wpb_single_image wpb_content_element vc_align_left\">\n\t\t\n\t\t<figure class=\"wpb_wrapper vc_figure\">\n\t\t\t<div class=\"vc_single_image-wrapper   vc_box_border_grey\"><img loading=\"lazy\" decoding=\"async\" width=\"2048\" height=\"1536\" src=\"https:\/\/antiquemarket.ro\/wp-content\/uploads\/2026\/01\/499725643_1115652523922208_4861515577267574983_n.jpg\" class=\"vc_single_image-img attachment-full\" alt=\"\" title=\"499725643_1115652523922208_4861515577267574983_n\" srcset=\"https:\/\/antiquemarket.ro\/wp-content\/uploads\/2026\/01\/499725643_1115652523922208_4861515577267574983_n.jpg 2048w, https:\/\/antiquemarket.ro\/wp-content\/uploads\/2026\/01\/499725643_1115652523922208_4861515577267574983_n-300x225.jpg 300w, https:\/\/antiquemarket.ro\/wp-content\/uploads\/2026\/01\/499725643_1115652523922208_4861515577267574983_n-1024x768.jpg 1024w, https:\/\/antiquemarket.ro\/wp-content\/uploads\/2026\/01\/499725643_1115652523922208_4861515577267574983_n-768x576.jpg 768w, https:\/\/antiquemarket.ro\/wp-content\/uploads\/2026\/01\/499725643_1115652523922208_4861515577267574983_n-1536x1152.jpg 1536w\" sizes=\"auto, (max-width: 2048px) 100vw, 2048px\"  data-dt-location=\"https:\/\/antiquemarket.ro\/en\/499725643_1115652523922208_4861515577267574983_n\/\" \/><\/div>\n\t\t<\/figure>\n\t<\/div>\n<\/div><\/div><\/div><div class=\"wpb_column vc_column_container vc_col-sm-6\"><div class=\"vc_column-inner\"><div class=\"wpb_wrapper\"><div id=\"ultimate-heading-866669dac59331fc6\" class=\"uvc-heading ult-adjust-bottom-margin ultimate-heading-866669dac59331fc6 uvc-3705  uvc-heading-default-font-sizes\" data-hspacer=\"no_spacer\"  data-halign=\"center\" style=\"text-align:center\"><div class=\"uvc-heading-spacer no_spacer\" style=\"top\"><\/div><div class=\"uvc-sub-heading ult-responsive\"  data-ultimate-target='.uvc-heading.ultimate-heading-866669dac59331fc6 .uvc-sub-heading '  data-responsive-json-new='{\"font-size\":\"\",\"line-height\":\"\"}'  style=\"font-weight:normal;\"><\/p>\n<div id=\"ultimate-heading-79936851565b7f54e\" class=\"uvc-heading ult-adjust-bottom-margin ultimate-heading-79936851565b7f54e uvc-2211 color-title accent-title-color\" data-hspacer=\"no_spacer\" data-halign=\"left\">\n<div class=\"uvc-main-heading ult-responsive\" data-ultimate-target=\".uvc-heading.ultimate-heading-79936851565b7f54e h2\" data-responsive-json-new=\"{&quot;font-size&quot;:&quot;desktop:15px;&quot;,&quot;line-height&quot;:&quot;desktop:26px;&quot;}\">\n<div id=\"main\" class=\"sidebar-none sidebar-divider-vertical\">\n<div class=\"wf-wrap\">\n<div class=\"wf-container-main\">\n<div id=\"content\" class=\"content\" role=\"main\">\n<div class=\"wpb-content-wrapper\">\n<div class=\"vc_row wpb_row vc_row-fluid vc_custom_1561964015799 vc_row-o-equal-height vc_row-o-content-middle vc_row-flex\">\n<div class=\"wpb_column vc_column_container vc_col-sm-6\">\n<div class=\"vc_column-inner\">\n<div class=\"wpb_wrapper\">\n<div id=\"ultimate-heading-5540699e91a15efdd\" class=\"uvc-heading ult-adjust-bottom-margin ultimate-heading-5540699e91a15efdd uvc-2771 uvc-heading-default-font-sizes\" data-hspacer=\"no_spacer\" data-halign=\"left\">\n<div class=\"uvc-sub-heading ult-responsive\" data-ultimate-target=\".uvc-heading.ultimate-heading-5540699e91a15efdd .uvc-sub-heading \" data-responsive-json-new=\"{&quot;font-size&quot;:&quot;&quot;,&quot;line-height&quot;:&quot;&quot;}\">\n<div id=\"ultimate-heading-570568a2eebb43404\" class=\"uvc-heading ult-adjust-bottom-margin ultimate-heading-570568a2eebb43404 uvc-8943 color-title accent-title-color\" data-hspacer=\"no_spacer\" data-halign=\"left\">\n<div class=\"uvc-main-heading ult-responsive\" data-ultimate-target=\".uvc-heading.ultimate-heading-570568a2eebb43404 h2\" data-responsive-json-new=\"{&quot;font-size&quot;:&quot;desktop:15px;&quot;,&quot;line-height&quot;:&quot;desktop:26px;&quot;}\">\n<div id=\"ultimate-heading-570568a2eebb43404\" class=\"uvc-heading ult-adjust-bottom-margin ultimate-heading-570568a2eebb43404 uvc-8943 color-title accent-title-color\" data-hspacer=\"no_spacer\" data-halign=\"left\">\n<div class=\"uvc-main-heading ult-responsive\" data-ultimate-target=\".uvc-heading.ultimate-heading-570568a2eebb43404 h2\" data-responsive-json-new=\"{&quot;font-size&quot;:&quot;desktop:15px;&quot;,&quot;line-height&quot;:&quot;desktop:26px;&quot;}\">\n<h2 style=\"text-align: left;\">Setup Period<\/h2>\n<\/div>\n<\/div>\n<div class=\"standard-arrow bullet-top\" style=\"text-align: left;\">\n<ul>\n<li>For companies building their stands independently or through a third-party contractor: 30.05.2026 \u2013 03.06.2026, between 08:00 \u2013 20:00<\/li>\n<li>For companies building their stands with Romexpo: 02 \u2013 03.06.2026, between 08:00 \u2013 20:00<\/li>\n<\/ul>\n<\/div>\n<div id=\"ultimate-heading-903968a2eebb4349f\" class=\"uvc-heading ult-adjust-bottom-margin ultimate-heading-903968a2eebb4349f uvc-1236 color-title accent-title-color\" style=\"text-align: left;\" data-hspacer=\"no_spacer\" data-halign=\"left\">\n<div class=\"uvc-main-heading ult-responsive\" data-ultimate-target=\".uvc-heading.ultimate-heading-903968a2eebb4349f h2\" data-responsive-json-new=\"{&quot;font-size&quot;:&quot;desktop:15px;&quot;,&quot;line-height&quot;:&quot;desktop:26px;&quot;}\">\n<h2>The period of decommissioning:<\/h2>\n<\/div>\n<\/div>\n<div class=\"standard-arrow bullet-top\">\n<ul>\n<li style=\"text-align: left;\">07.06.2026, between 16:00 \u2013 20:00 (access via Bulevardul Poligrafiei 2, Gate E-Romexpo, Pavilion C2)<\/li>\n<li style=\"text-align: left;\">08 \u2013 10.06.2026, between 08:00 \u2013 20:00 (access via Bulevardul Poligrafiei 2, Gate E-Romexpo, Pavilion C2)<\/li>\n<\/ul>\n<\/div>\n<\/div>\n<\/div>\n<\/div>\n<\/div>\n<\/div>\n<\/div>\n<\/div>\n<\/div>\n<\/div>\n<\/div>\n<\/div>\n<\/div>\n<\/div>\n<\/div>\n<\/div>\n<p><\/div><\/div><\/div><\/div><\/div><\/div><\/section>\n<\/div>","protected":false},"excerpt":{"rendered":"<p>\u00cencep\u00e2nd de joi, 4 iunie, \u0219i p\u00e2n\u0103 duminic\u0103, 7 iunie, Pavilionul C2 al Centrului Expozi\u021bional ROMEXPO&nbsp;devine locul de desf\u0103\u0219urare a celui mai a\u0219teptat t\u00e2rg dedicat pasiona\u021bilor de art\u0103 decorativ\u0103, obiecte de colec\u021bie \u0219i antichit\u0103\u021bi \u2013&nbsp;Antique Market III. Evenimentul aduce \u00eentr-un spa\u021biu elegant \u0219i rafinat o selec\u021bie impresionant\u0103 de piese autentice \u2013 de la mobilier \u0219i&hellip;<\/p>","protected":false},"author":1,"featured_media":0,"parent":0,"menu_order":0,"comment_status":"closed","ping_status":"closed","template":"","meta":{"give_campaign_id":0,"footnotes":""},"class_list":["post-1449","page","type-page","status-publish","hentry","description-off"],"campaignId":"","_links":{"self":[{"href":"https:\/\/antiquemarket.ro\/en\/wp-json\/wp\/v2\/pages\/1449","targetHints":{"allow":["GET"]}}],"collection":[{"href":"https:\/\/antiquemarket.ro\/en\/wp-json\/wp\/v2\/pages"}],"about":[{"href":"https:\/\/antiquemarket.ro\/en\/wp-json\/wp\/v2\/types\/page"}],"author":[{"embeddable":true,"href":"https:\/\/antiquemarket.ro\/en\/wp-json\/wp\/v2\/users\/1"}],"replies":[{"embeddable":true,"href":"https:\/\/antiquemarket.ro\/en\/wp-json\/wp\/v2\/comments?post=1449"}],"version-history":[{"count":29,"href":"https:\/\/antiquemarket.ro\/en\/wp-json\/wp\/v2\/pages\/1449\/revisions"}],"predecessor-version":[{"id":1729,"href":"https:\/\/antiquemarket.ro\/en\/wp-json\/wp\/v2\/pages\/1449\/revisions\/1729"}],"wp:attachment":[{"href":"https:\/\/antiquemarket.ro\/en\/wp-json\/wp\/v2\/media?parent=1449"}],"curies":[{"name":"wp","href":"https:\/\/api.w.org\/{rel}","templated":true}]}}